{"id":2,"date":"2024-12-28T07:46:14","date_gmt":"2024-12-28T07:46:14","guid":{"rendered":"https:\/\/elsiebelsiebus.se\/?page_id=2"},"modified":"2024-12-30T11:21:30","modified_gmt":"2024-12-30T11:21:30","slug":"sample-page","status":"publish","type":"page","link":"https:\/\/elsiebelsiebus.se\/?page_id=2","title":{"rendered":"Elsie"},"content":{"rendered":"\n<p>Jag heter\u00a0Els\u00ede. Kallas Elsie Belsie Bus\u00a0av min mamma och p\u00e5 den h\u00e4r sidan t\u00e4nker jag dela med mig av de \u00e4ventyr som jag m\u00f6ter till vardags och &#8221;ovardags&#8221;.<\/p>\n\n\n\n<p><\/p>\n\n\n\n<p>V\u00e4lkommen in!<\/p>\n","protected":false},"excerpt":{"rendered":"<p>Jag heter\u00a0Els\u00ede. Kallas Elsie Belsie Bus\u00a0av min mamma och p\u00e5 den h\u00e4r sidan t\u00e4nker jag dela med mig av de \u00e4ventyr som jag m\u00f6ter till vardags och &#8221;ovardags&#8221;. V\u00e4lkommen in!<\/p>\n","protected":false},"author":1,"featured_media":0,"parent":0,"menu_order":0,"comment_status":"closed","ping_status":"open","template":"","meta":{"site-sidebar-layout":"default","site-content-layout":"","ast-site-content-layout":"default","site-content-style":"default","site-sidebar-style":"default","ast-global-header-display":"","ast-banner-title-visibility":"","ast-main-header-display":"","ast-hfb-above-header-display":"","ast-hfb-below-header-display":"","ast-hfb-mobile-header-display":"","site-post-title":"","ast-breadcrumbs-content":"","ast-featured-img":"","footer-sml-layout":"","ast-disable-related-posts":"","theme-transparent-header-meta":"","adv-header-id-meta":"","stick-header-meta":"","header-above-stick-meta":"","header-main-stick-meta":"","header-below-stick-meta":"","astra-migrate-meta-layouts":"default","ast-page-background-enabled":"default","ast-page-background-meta":{"desktop":{"background-color":"var(--ast-global-color-4)","background-image":"","background-repeat":"repeat","background-position":"center center","background-size":"auto","background-attachment":"scroll","background-type":"","background-media":"","overlay-type":"","overlay-color":"","overlay-opacity":"","overlay-gradient":""},"tablet":{"background-color":"","background-image":"","background-repeat":"repeat","background-position":"center center","background-size":"auto","background-attachment":"scroll","background-type":"","background-media":"","overlay-type":"","overlay-color":"","overlay-opacity":"","overlay-gradient":""},"mobile":{"background-color":"","background-image":"","background-repeat":"repeat","background-position":"center center","background-size":"auto","background-attachment":"scroll","background-type":"","background-media":"","overlay-type":"","overlay-color":"","overlay-opacity":"","overlay-gradient":""}},"ast-content-background-meta":{"desktop":{"background-color":"var(--ast-global-color-5)","background-image":"","background-repeat":"repeat","background-position":"center center","background-size":"auto","background-attachment":"scroll","background-type":"","background-media":"","overlay-type":"","overlay-color":"","overlay-opacity":"","overlay-gradient":""},"tablet":{"background-color":"var(--ast-global-color-5)","background-image":"","background-repeat":"repeat","background-position":"center center","background-size":"auto","background-attachment":"scroll","background-type":"","background-media":"","overlay-type":"","overlay-color":"","overlay-opacity":"","overlay-gradient":""},"mobile":{"background-color":"var(--ast-global-color-5)","background-image":"","background-repeat":"repeat","background-position":"center center","background-size":"auto","background-attachment":"scroll","background-type":"","background-media":"","overlay-type":"","overlay-color":"","overlay-opacity":"","overlay-gradient":""}},"footnotes":""},"class_list":["post-2","page","type-page","status-publish","hentry"],"yoast_head":"<!-- This site is optimized with the Yoast SEO plugin v27.2 - https:\/\/yoast.com\/product\/yoast-seo-wordpress\/ -->\n<title>Elsie - Elsiebelsiebus<\/title>\n<meta name=\"robots\" content=\"index, follow, max-snippet:-1, max-image-preview:large, max-video-preview:-1\" \/>\n<link rel=\"canonical\" href=\"https:\/\/elsiebelsiebus.se\/?page_id=2\" \/>\n<meta property=\"og:locale\" content=\"sv_SE\" \/>\n<meta property=\"og:type\" content=\"article\" \/>\n<meta property=\"og:title\" content=\"Elsie - Elsiebelsiebus\" \/>\n<meta property=\"og:description\" content=\"Jag heter\u00a0Els\u00ede. Kallas Elsie Belsie Bus\u00a0av min mamma och p\u00e5 den h\u00e4r sidan t\u00e4nker jag dela med mig av de \u00e4ventyr som jag m\u00f6ter till vardags och &#8221;ovardags&#8221;. V\u00e4lkommen in!\" \/>\n<meta property=\"og:url\" content=\"https:\/\/elsiebelsiebus.se\/?page_id=2\" \/>\n<meta property=\"og:site_name\" content=\"Elsiebelsiebus\" \/>\n<meta property=\"article:modified_time\" content=\"2024-12-30T11:21:30+00:00\" \/>\n<meta name=\"twitter:card\" content=\"summary_large_image\" \/>\n<meta name=\"twitter:label1\" content=\"Ber\u00e4knad l\u00e4stid\" \/>\n\t<meta name=\"twitter:data1\" content=\"1 minut\" \/>\n<script type=\"application\/ld+json\" class=\"yoast-schema-graph\">{\"@context\":\"https:\/\/schema.org\",\"@graph\":[{\"@type\":\"WebPage\",\"@id\":\"https:\/\/elsiebelsiebus.se\/?page_id=2\",\"url\":\"https:\/\/elsiebelsiebus.se\/?page_id=2\",\"name\":\"Elsie - Elsiebelsiebus\",\"isPartOf\":{\"@id\":\"https:\/\/elsiebelsiebus.se\/#website\"},\"datePublished\":\"2024-12-28T07:46:14+00:00\",\"dateModified\":\"2024-12-30T11:21:30+00:00\",\"breadcrumb\":{\"@id\":\"https:\/\/elsiebelsiebus.se\/?page_id=2#breadcrumb\"},\"inLanguage\":\"sv-SE\",\"potentialAction\":[{\"@type\":\"ReadAction\",\"target\":[\"https:\/\/elsiebelsiebus.se\/?page_id=2\"]}]},{\"@type\":\"BreadcrumbList\",\"@id\":\"https:\/\/elsiebelsiebus.se\/?page_id=2#breadcrumb\",\"itemListElement\":[{\"@type\":\"ListItem\",\"position\":1,\"name\":\"Hem\",\"item\":\"https:\/\/elsiebelsiebus.se\/\"},{\"@type\":\"ListItem\",\"position\":2,\"name\":\"Elsie\"}]},{\"@type\":\"WebSite\",\"@id\":\"https:\/\/elsiebelsiebus.se\/#website\",\"url\":\"https:\/\/elsiebelsiebus.se\/\",\"name\":\"Elsiebelsiebus\",\"description\":\"\",\"potentialAction\":[{\"@type\":\"SearchAction\",\"target\":{\"@type\":\"EntryPoint\",\"urlTemplate\":\"https:\/\/elsiebelsiebus.se\/?s={search_term_string}\"},\"query-input\":{\"@type\":\"PropertyValueSpecification\",\"valueRequired\":true,\"valueName\":\"search_term_string\"}}],\"inLanguage\":\"sv-SE\"}]}<\/script>\n<!-- \/ Yoast SEO plugin. -->","yoast_head_json":{"title":"Elsie - Elsiebelsiebus","robots":{"index":"index","follow":"follow","max-snippet":"max-snippet:-1","max-image-preview":"max-image-preview:large","max-video-preview":"max-video-preview:-1"},"canonical":"https:\/\/elsiebelsiebus.se\/?page_id=2","og_locale":"sv_SE","og_type":"article","og_title":"Elsie - Elsiebelsiebus","og_description":"Jag heter\u00a0Els\u00ede. Kallas Elsie Belsie Bus\u00a0av min mamma och p\u00e5 den h\u00e4r sidan t\u00e4nker jag dela med mig av de \u00e4ventyr som jag m\u00f6ter till vardags och &#8221;ovardags&#8221;. V\u00e4lkommen in!","og_url":"https:\/\/elsiebelsiebus.se\/?page_id=2","og_site_name":"Elsiebelsiebus","article_modified_time":"2024-12-30T11:21:30+00:00","twitter_card":"summary_large_image","twitter_misc":{"Ber\u00e4knad l\u00e4stid":"1 minut"},"schema":{"@context":"https:\/\/schema.org","@graph":[{"@type":"WebPage","@id":"https:\/\/elsiebelsiebus.se\/?page_id=2","url":"https:\/\/elsiebelsiebus.se\/?page_id=2","name":"Elsie - Elsiebelsiebus","isPartOf":{"@id":"https:\/\/elsiebelsiebus.se\/#website"},"datePublished":"2024-12-28T07:46:14+00:00","dateModified":"2024-12-30T11:21:30+00:00","breadcrumb":{"@id":"https:\/\/elsiebelsiebus.se\/?page_id=2#breadcrumb"},"inLanguage":"sv-SE","potentialAction":[{"@type":"ReadAction","target":["https:\/\/elsiebelsiebus.se\/?page_id=2"]}]},{"@type":"BreadcrumbList","@id":"https:\/\/elsiebelsiebus.se\/?page_id=2#breadcrumb","itemListElement":[{"@type":"ListItem","position":1,"name":"Hem","item":"https:\/\/elsiebelsiebus.se\/"},{"@type":"ListItem","position":2,"name":"Elsie"}]},{"@type":"WebSite","@id":"https:\/\/elsiebelsiebus.se\/#website","url":"https:\/\/elsiebelsiebus.se\/","name":"Elsiebelsiebus","description":"","potentialAction":[{"@type":"SearchAction","target":{"@type":"EntryPoint","urlTemplate":"https:\/\/elsiebelsiebus.se\/?s={search_term_string}"},"query-input":{"@type":"PropertyValueSpecification","valueRequired":true,"valueName":"search_term_string"}}],"inLanguage":"sv-SE"}]}},"_links":{"self":[{"href":"https:\/\/elsiebelsiebus.se\/index.php?rest_route=\/wp\/v2\/pages\/2","targetHints":{"allow":["GET"]}}],"collection":[{"href":"https:\/\/elsiebelsiebus.se\/index.php?rest_route=\/wp\/v2\/pages"}],"about":[{"href":"https:\/\/elsiebelsiebus.se\/index.php?rest_route=\/wp\/v2\/types\/page"}],"author":[{"embeddable":true,"href":"https:\/\/elsiebelsiebus.se\/index.php?rest_route=\/wp\/v2\/users\/1"}],"replies":[{"embeddable":true,"href":"https:\/\/elsiebelsiebus.se\/index.php?rest_route=%2Fwp%2Fv2%2Fcomments&post=2"}],"version-history":[{"count":2,"href":"https:\/\/elsiebelsiebus.se\/index.php?rest_route=\/wp\/v2\/pages\/2\/revisions"}],"predecessor-version":[{"id":32,"href":"https:\/\/elsiebelsiebus.se\/index.php?rest_route=\/wp\/v2\/pages\/2\/revisions\/32"}],"wp:attachment":[{"href":"https:\/\/elsiebelsiebus.se\/index.php?rest_route=%2Fwp%2Fv2%2Fmedia&parent=2"}],"curies":[{"name":"wp","href":"https:\/\/api.w.org\/{rel}","templated":true}]}}